{"id":41,"date":"2022-11-11T19:54:13","date_gmt":"2022-11-11T19:54:13","guid":{"rendered":"https:\/\/www.suintec.cl\/?page_id=41"},"modified":"2025-05-26T23:18:52","modified_gmt":"2025-05-26T23:18:52","slug":"catalogo","status":"publish","type":"page","link":"https:\/\/www.suintec.cl\/?page_id=41","title":{"rendered":"Cat\u00e1logo"},"content":{"rendered":"\n<section id=\"section-15525c00-026d-4f97-bf50-0b1e2dca6f6b\" class=\"wp-block-gutentor-image-slider alignfull gutentor-section gutentor-image-slider imageSlider-template1\"><div class=\"gutentor-grid-item-wrap\"><div class=\"gutentor-slider-wrapper\" data-dots=\"true\" data-arrows=\"true\" data-infinite=\"false\" data-nextarrow=\"fas fa-angle-right\" data-prevarrow=\"fas fa-angle-left\" data-autoplay=\"false\" data-autoplayspeed=\"500\" data-fade=\"false\" data-speed=\"300\"><div class=\"gutentor-slider-item\"><div class=\"gutentor-single-item gutentor-single-item-0\"><div class=\"gutentor-single-item-wrap\"><div class=\"gutentor-single-item-image-box\"><div class=\"gutentor-image-thumb\"><img loading=\"lazy\" decoding=\"async\" class=\"normal-image\" src=\"https:\/\/www.suintec.cl\/wp-content\/uploads\/2022\/12\/pexels-magda-ehlers-2569839-scaled-e1670355567299.jpeg\" alt=\"\" height=\"473\" width=\"2560\"\/><div class=\"overlay\"><\/div><\/div><\/div><div class=\"gutentor-single-item-content\"><div class=\"grid-container\"><div class=\"slider-caption text-right\"><h3 class=\"gutentor-single-item-title\">Cat\u00e1logo de Productos<\/h3><\/div><\/div><\/div><\/div><\/div><\/div><\/div><\/div><\/section>\n\n\n\n<div style=\"height:60px\" aria-hidden=\"true\" class=\"wp-block-spacer\"><\/div>\n\n\n\n<p class=\"has-text-align-center has-medium-font-size\">Nuestra empresa est\u00e1 constantemente preocupada de contar con la mayor variedad de art\u00edculos que permitan responder cualquier requerimiento que nuestros clientes puedan tener.<\/p>\n\n\n\n<p class=\"has-text-align-center has-medium-font-size\">Todas nuestras l\u00edneas de productos, tanto para herramientas como para repuestos industriales, los pueden ver y descargar en los cat\u00e1logos que se encuentran a continuaci\u00f3n.<\/p>\n\n\n\n<div style=\"height:60px\" aria-hidden=\"true\" class=\"wp-block-spacer\"><\/div>\n\n\n\n<section id=\"gm60a15cd\" class=\"wp-block-gutentor-m2 section-gm60a15cd gutentor-module gutentor-dynamic-columns\"><div class=\"grid-container\"><div class=\"grid-row\">\n<div id=\"col-gm1138d9\" class=\"wp-block-gutentor-m2-col col-gm1138d9 gutentor-module gutentor-dynamic-single-column grid-lg-6 grid-md-4 grid-12\"><div id=\"section-gm1138d9\" class=\"section-gm1138d9 gutentor-single-col\"><a href=\"https:\/\/www.suintec.cl\/wp-content\/uploads\/2025\/05\/CATALOGO-GENERAL-2025-2EDIC-WEBCORREO.pdf\" class=\"pdfemb-viewer\" style=\"\" data-width=\"max\" data-height=\"max\" data-toolbar=\"bottom\" data-toolbar-fixed=\"off\">CATALOGO-GENERAL-2025-2EDIC-WEBCORREO<\/a>\n\n\n<p><strong>Cat\u00e1logo Industriales A\u00f1o 2025 2Da Edicion<\/strong><\/p>\n\n\n\n<div class=\"wp-block-buttons is-content-justification-space-between is-layout-flex wp-container-core-buttons-is-layout-b2891da8 wp-block-buttons-is-layout-flex\">\n<div class=\"wp-block-button\"><a class=\"wp-block-button__link has-white-color has-text-color has-background wp-element-button\" href=\"https:\/\/www.suintec.cl\/wp-content\/uploads\/2025\/05\/CATALOGO-GENERAL-2025-2EDIC-WEBCORREO.pdf\" style=\"background-color:#015f3c\" target=\"_blank\" rel=\"noreferrer noopener\"><strong>Descargar<\/strong><\/a><\/div>\n<\/div>\n<\/div><\/div>\n<\/div><\/div><\/section>\n\n\n\n<div style=\"height:50px\" aria-hidden=\"true\" class=\"wp-block-spacer\"><\/div>\n\n\n\n\n\n\n\n\n","protected":false},"excerpt":{"rendered":"<p>Nuestra empresa est\u00e1 constantemente preocupada de contar con la mayor variedad de art\u00edculos que permitan responder cualquier requerimiento que nuestros clientes puedan tener. Todas nuestras l\u00edneas de productos, tanto para herramientas como para repuestos industriales, los pueden ver y descargar en los cat\u00e1logos que se encuentran a continuaci\u00f3n.<\/p>\n","protected":false},"author":1,"featured_media":0,"parent":0,"menu_order":0,"comment_status":"closed","ping_status":"closed","template":"","meta":{"site-sidebar-layout":"default","site-content-layout":"","ast-site-content-layout":"default","site-content-style":"default","site-sidebar-style":"default","ast-global-header-display":"","ast-banner-title-visibility":"","ast-main-header-display":"","ast-hfb-above-header-display":"","ast-hfb-below-header-display":"","ast-hfb-mobile-header-display":"","site-post-title":"disabled","ast-breadcrumbs-content":"","ast-featured-img":"","footer-sml-layout":"","theme-transparent-header-meta":"","adv-header-id-meta":"","stick-header-meta":"","header-above-stick-meta":"","header-main-stick-meta":"","header-below-stick-meta":"","astra-migrate-meta-layouts":"set","ast-page-background-enabled":"default","ast-page-background-meta":{"desktop":{"background-color":"var(--ast-global-color-4)","background-image":"","background-repeat":"repeat","background-position":"center center","background-size":"auto","background-attachment":"scroll","background-type":"","background-media":"","overlay-type":"","overlay-color":"","overlay-opacity":"","overlay-gradient":""},"tablet":{"background-color":"","background-image":"","background-repeat":"repeat","background-position":"center center","background-size":"auto","background-attachment":"scroll","background-type":"","background-media":"","overlay-type":"","overlay-color":"","overlay-opacity":"","overlay-gradient":""},"mobile":{"background-color":"","background-image":"","background-repeat":"repeat","background-position":"center center","background-size":"auto","background-attachment":"scroll","background-type":"","background-media":"","overlay-type":"","overlay-color":"","overlay-opacity":"","overlay-gradient":""}},"ast-content-background-meta":{"desktop":{"background-color":"var(--ast-global-color-5)","background-image":"","background-repeat":"repeat","background-position":"center center","background-size":"auto","background-attachment":"scroll","background-type":"","background-media":"","overlay-type":"","overlay-color":"","overlay-opacity":"","overlay-gradient":""},"tablet":{"background-color":"var(--ast-global-color-5)","background-image":"","background-repeat":"repeat","background-position":"center center","background-size":"auto","background-attachment":"scroll","background-type":"","background-media":"","overlay-type":"","overlay-color":"","overlay-opacity":"","overlay-gradient":""},"mobile":{"background-color":"var(--ast-global-color-5)","background-image":"","background-repeat":"repeat","background-position":"center center","background-size":"auto","background-attachment":"scroll","background-type":"","background-media":"","overlay-type":"","overlay-color":"","overlay-opacity":"","overlay-gradient":""}},"footnotes":""},"class_list":["post-41","page","type-page","status-publish","hentry"],"_links":{"self":[{"href":"https:\/\/www.suintec.cl\/index.php?rest_route=\/wp\/v2\/pages\/41","targetHints":{"allow":["GET"]}}],"collection":[{"href":"https:\/\/www.suintec.cl\/index.php?rest_route=\/wp\/v2\/pages"}],"about":[{"href":"https:\/\/www.suintec.cl\/index.php?rest_route=\/wp\/v2\/types\/page"}],"author":[{"embeddable":true,"href":"https:\/\/www.suintec.cl\/index.php?rest_route=\/wp\/v2\/users\/1"}],"replies":[{"embeddable":true,"href":"https:\/\/www.suintec.cl\/index.php?rest_route=%2Fwp%2Fv2%2Fcomments&post=41"}],"version-history":[{"count":28,"href":"https:\/\/www.suintec.cl\/index.php?rest_route=\/wp\/v2\/pages\/41\/revisions"}],"predecessor-version":[{"id":379,"href":"https:\/\/www.suintec.cl\/index.php?rest_route=\/wp\/v2\/pages\/41\/revisions\/379"}],"wp:attachment":[{"href":"https:\/\/www.suintec.cl\/index.php?rest_route=%2Fwp%2Fv2%2Fmedia&parent=41"}],"curies":[{"name":"wp","href":"https:\/\/api.w.org\/{rel}","templated":true}]}}